{"id":1541,"date":"2025-12-11T15:50:52","date_gmt":"2025-12-11T15:50:52","guid":{"rendered":"https:\/\/camisetasdeportiva.com\/?page_id=1541"},"modified":"2026-03-29T15:29:25","modified_gmt":"2026-03-29T15:29:25","slug":"aviso-legal","status":"publish","type":"page","link":"https:\/\/camisetasdeportiva.com\/en\/aviso-legal\/","title":{"rendered":"Legal Notice"},"content":{"rendered":"\n<h2 class=\"wp-block-heading\">1. Datos Identificativos<\/h2>\n\n\n\n<p>En cumplimiento con el deber de informaci\u00f3n recogido en art\u00edculo 10 de la Ley 34\/2002, de 11 de julio, de Servicios de la Sociedad de la Informaci\u00f3n y del Comercio Electr\u00f3nico (LSSI), a continuaci\u00f3n se reflejan los siguientes datos:<\/p>\n\n\n\n<ul class=\"wp-block-list\">\n<li>Titular del sitio web: Camisetas Deportivas.<\/li>\n\n\n\n<li>Domicilio: Lima \/ Per\u00fa.<\/li>\n\n\n\n<li>Correo electr\u00f3nico de contacto: contacto@camisetasdeportiva.com<\/li>\n\n\n\n<li>Actividad: Difusi\u00f3n de contenido sobre ropa deportiva y marketing de afiliaci\u00f3n.<\/li>\n<\/ul>\n\n\n\n<h2 class=\"wp-block-heading\">2. Usuarios<\/h2>\n\n\n\n<p>El acceso y\/o uso de este portal de CamisetasDeportiva.com atribuye la condici\u00f3n de USUARIO, que acepta, desde dicho acceso y\/o uso, las Condiciones Generales de Uso aqu\u00ed reflejadas.<\/p>\n\n\n\n<h2 class=\"wp-block-heading\">3. Uso del Portal<\/h2>\n\n\n\n<p>CamisetasDeportiva.com proporciona el acceso a multitud de informaciones, servicios, o datos (en adelante, \u00ablos contenidos\u00bb) en Internet pertenecientes al TITULAR. El USUARIO asume la responsabilidad del uso del portal.<\/p>\n\n\n\n<p>El USUARIO se compromete a hacer un uso adecuado de los contenidos y servicios y a no emplearlos para incurrir en actividades il\u00edcitas, ilegales o contrarias a la buena fe y al orden p\u00fablico.<\/p>\n\n\n\n<h2 class=\"wp-block-heading\">4. Propiedad Intelectual e Industrial<\/h2>\n\n\n\n<p>El TITULAR por s\u00ed o como cesionaria, es titular de todos los derechos de propiedad intelectual e industrial de su p\u00e1gina web (textos, im\u00e1genes, logotipos, combinaciones de colores, estructura y dise\u00f1o, etc.). Todos los derechos reservados.<\/p>\n\n\n\n<p>Quedan expresamente prohibidas la reproducci\u00f3n, la distribuci\u00f3n y la comunicaci\u00f3n p\u00fablica, incluida su modalidad de puesta a disposici\u00f3n, de la totalidad o parte de los contenidos de esta p\u00e1gina web, con fines comerciales, en cualquier soporte y por cualquier medio t\u00e9cnico, sin la autorizaci\u00f3n del TITULAR.<\/p>\n\n\n\n<h2 class=\"wp-block-heading\">5. Exclusi\u00f3n de Garant\u00edas y Responsabilidad<\/h2>\n\n\n\n<p>El TITULAR no se hace responsable, en ning\u00fan caso, de los da\u00f1os y perjuicios de cualquier naturaleza que pudieran ocasionar, a t\u00edtulo enunciativo: errores u omisiones en los contenidos, falta de disponibilidad del portal o la transmisi\u00f3n de virus o programas maliciosos, a pesar de haber adoptado todas las medidas tecnol\u00f3gicas necesarias para evitarlo.<\/p>\n\n\n\n<p>Sobre los productos de terceros (Amazon): Esta web no vende productos directamente. Nos limitamos a recomendar productos de terceros a trav\u00e9s de enlaces de afiliaci\u00f3n. Por tanto, no nos hacemos responsables de:<\/p>\n\n\n\n<ul class=\"wp-block-list\">\n<li>La calidad de los productos comprados en Amazon.<\/li>\n\n\n\n<li>Retrasos en env\u00edos o problemas de log\u00edstica.<\/li>\n\n\n\n<li>Cambios de precio por parte del vendedor final.<\/li>\n<\/ul>\n\n\n\n<h2 class=\"wp-block-heading\">6. Modificaciones<\/h2>\n\n\n\n<p>El TITULAR se reserva el derecho de efectuar sin previo aviso las modificaciones que considere oportunas en su portal.<\/p>\n\n\n\n<h2 class=\"wp-block-heading\">7. Enlaces y Afiliaci\u00f3n<\/h2>\n\n\n\n<p>En el caso de que en CamisetasDeportiva.com se dispusiesen enlaces o hiperv\u00ednculos hac\u00eda otros sitios de Internet (como Amazon.es), el TITULAR no ejercer\u00e1 ning\u00fan tipo de control sobre dichos sitios y contenidos.<\/p>\n\n\n\n<p>Este sitio web utiliza enlaces de afiliaci\u00f3n de Amazon. Esto significa que si haces clic en un enlace y realizas una compra, podemos recibir una peque\u00f1a comisi\u00f3n sin coste adicional para ti. Esto no afecta a nuestra objetividad en las rese\u00f1as.<\/p>\n\n\n\n<h2 class=\"wp-block-heading\">8. Legislaci\u00f3n Aplicable y Jurisdicci\u00f3n<\/h2>\n\n\n\n<p>La relaci\u00f3n entre el TITULAR y el USUARIO se regir\u00e1 por la normativa espa\u00f1ola vigente y cualquier controversia se someter\u00e1 a los Juzgados y tribunales de la ciudad de [TU CIUDAD].<\/p>\n\n\n\n<p><\/p>\n","protected":false},"excerpt":{"rendered":"<p>1. Datos Identificativos En cumplimiento con el deber de informaci\u00f3n recogido en art\u00edculo 10 de la Ley 34\/2002, de 11 de julio, de Servicios de la Sociedad de la Informaci\u00f3n y del Comercio Electr\u00f3nico (LSSI), a continuaci\u00f3n se reflejan los siguientes datos: 2. Usuarios El acceso y\/o uso de este portal de CamisetasDeportiva.com atribuye la [&hellip;]<\/p>\n","protected":false},"author":1,"featured_media":0,"parent":0,"menu_order":0,"comment_status":"closed","ping_status":"closed","template":"","meta":{"footnotes":""},"class_list":["post-1541","page","type-page","status-publish","hentry"],"blocksy_meta":[],"_hostinger_reach_plugin_has_subscription_block":false,"_hostinger_reach_plugin_is_elementor":false,"_links":{"self":[{"href":"https:\/\/camisetasdeportiva.com\/en\/wp-json\/wp\/v2\/pages\/1541","targetHints":{"allow":["GET"]}}],"collection":[{"href":"https:\/\/camisetasdeportiva.com\/en\/wp-json\/wp\/v2\/pages"}],"about":[{"href":"https:\/\/camisetasdeportiva.com\/en\/wp-json\/wp\/v2\/types\/page"}],"author":[{"embeddable":true,"href":"https:\/\/camisetasdeportiva.com\/en\/wp-json\/wp\/v2\/users\/1"}],"replies":[{"embeddable":true,"href":"https:\/\/camisetasdeportiva.com\/en\/wp-json\/wp\/v2\/comments?post=1541"}],"version-history":[{"count":0,"href":"https:\/\/camisetasdeportiva.com\/en\/wp-json\/wp\/v2\/pages\/1541\/revisions"}],"wp:attachment":[{"href":"https:\/\/camisetasdeportiva.com\/en\/wp-json\/wp\/v2\/media?parent=1541"}],"curies":[{"name":"wp","href":"https:\/\/api.w.org\/{rel}","templated":true}]}}