{"id":654,"date":"2022-02-13T16:32:27","date_gmt":"2022-02-13T16:32:27","guid":{"rendered":"https:\/\/startersites.io\/stagingfour\/?page_id=654"},"modified":"2025-12-13T03:29:17","modified_gmt":"2025-12-13T03:29:17","slug":"contacto","status":"publish","type":"page","link":"https:\/\/camisetasdeportiva.com\/en\/contacto\/","title":{"rendered":"Contact"},"content":{"rendered":"\n<div class=\"wp-block-stackable-spacer stk-block-spacer stk--no-padding stk-block stk-3cdf45c\" data-block-id=\"3cdf45c\"><style>.stk-3cdf45c {height:100px !important;}@media screen and (max-width:999px){.stk-3cdf45c {height:70px !important;}}@media screen and (max-width:689px){.stk-3cdf45c {height:50px !important;}}<\/style><\/div>\n\n\n\n<div class=\"wp-block-stackable-columns stk-block-columns stk-block stk-d5bda58\" data-block-id=\"d5bda58\"><style>.stk-d5bda58 {margin-bottom:0px !important;}.stk-d5bda58-column{--stk-column-gap:130px !important;row-gap:60px !important;}@media screen and (max-width:999px){.stk-d5bda58-column{--stk-column-gap:50px !important;}}<\/style><div class=\"stk-row stk-inner-blocks has-text-align-center-mobile stk-block-content stk-content-align stk-d5bda58-column\">\n<div class=\"wp-block-stackable-column stk-block-column stk-column stk-block stk-bd4e243\" data-v=\"4\" data-block-id=\"bd4e243\"><style>.stk-bd4e243-container{margin-top:0px !important;margin-right:0px !important;margin-bottom:0px !important;margin-left:0px !important;}@media screen and (min-width:690px){.stk-bd4e243 {flex:var(--stk-flex-grow, 1) 1 calc(65% - var(--stk-column-gap, 0px) * 1 \/ 2 ) !important;}}<\/style><div class=\"stk-column-wrapper stk-block-column__content stk-container stk-bd4e243-container stk--no-background stk--no-padding\"><div class=\"stk-block-content stk-inner-blocks stk-bd4e243-inner-blocks\">\n<div class=\"wp-block-stackable-heading stk-block-heading stk-block-heading--v2 stk-block stk-0acf7f0\" id=\"tienes-alguna-duda\" data-block-id=\"0acf7f0\"><style>.stk-0acf7f0 {margin-bottom:20px !important;}@media screen and (max-width:689px){.stk-0acf7f0 .stk-block-heading__text{font-size:25px !important;}}<\/style><h2 class=\"stk-block-heading__text\">\u00bfTienes alguna duda?<\/h2><\/div>\n\n\n\n<p>Rellena este formulario y te responderemos en 24-48 horas.<\/p>\n\n\n<div class=\"wpforms-container wpforms-block wpforms-block-4b7eaf60-892c-4f6b-9524-325e0f2fdd9c wpforms-render-modern\" id=\"wpforms-397\"><form id=\"wpforms-form-397\" class=\"wpforms-validate wpforms-form\" data-formid=\"397\" method=\"post\" enctype=\"multipart\/form-data\" action=\"\/en\/wp-json\/wp\/v2\/pages\/654\" data-token=\"618276ff9fdf563e042a08a74b2f15ad\" data-token-time=\"1775406975\"><noscript class=\"wpforms-error-noscript\">Please enable JavaScript in your browser to complete this form.<\/noscript><div id=\"wpforms-error-noscript\" style=\"display: none;\">Please enable JavaScript in your browser to complete this form.<\/div><div class=\"wpforms-field-container\"><div id=\"wpforms-397-field_0-container\" class=\"wpforms-field wpforms-field-name\" data-field-id=\"0\"><label class=\"wpforms-field-label wpforms-label-hide\" for=\"wpforms-397-field_0\" aria-hidden=\"false\">Nombre <span class=\"wpforms-required-label\" aria-hidden=\"true\">*<\/span><\/label><input type=\"text\" id=\"wpforms-397-field_0\" class=\"wpforms-field-large wpforms-field-required\" name=\"wpforms[fields][0]\" placeholder=\"Nombre *\" aria-errormessage=\"wpforms-397-field_0-error\" required><\/div><div id=\"wpforms-397-field_1-container\" class=\"wpforms-field wpforms-field-email\" data-field-id=\"1\"><label class=\"wpforms-field-label wpforms-label-hide\" for=\"wpforms-397-field_1\" aria-hidden=\"false\">Correo <span class=\"wpforms-required-label\" aria-hidden=\"true\">*<\/span><\/label><input type=\"email\" id=\"wpforms-397-field_1\" class=\"wpforms-field-large wpforms-field-required\" name=\"wpforms[fields][1]\" placeholder=\"Correo *\" spellcheck=\"false\" aria-errormessage=\"wpforms-397-field_1-error\" required><\/div><div id=\"wpforms-397-field_3-container\" class=\"wpforms-field wpforms-field-text\" data-field-id=\"3\"><label class=\"wpforms-field-label wpforms-label-hide\" for=\"wpforms-397-field_3\" aria-hidden=\"false\">Asunto<\/label><input type=\"text\" id=\"wpforms-397-field_3\" class=\"wpforms-field-large\" name=\"wpforms[fields][3]\" placeholder=\"Asunto\" aria-errormessage=\"wpforms-397-field_3-error\" ><\/div><div id=\"wpforms-397-field_2-container\" class=\"wpforms-field wpforms-field-textarea\" data-field-id=\"2\"><label class=\"wpforms-field-label wpforms-label-hide\" for=\"wpforms-397-field_2\" aria-hidden=\"false\">Mensaje <span class=\"wpforms-required-label\" aria-hidden=\"true\">*<\/span><\/label><textarea id=\"wpforms-397-field_2\" class=\"wpforms-field-large wpforms-field-required\" name=\"wpforms[fields][2]\" placeholder=\"Mensaje *\" aria-errormessage=\"wpforms-397-field_2-error\" required><\/textarea><\/div><\/div><!-- .wpforms-field-container --><div class=\"wpforms-submit-container\" ><input type=\"hidden\" name=\"wpforms[id]\" value=\"397\"><input type=\"hidden\" name=\"page_title\" value=\"\"><input type=\"hidden\" name=\"page_url\" value=\"https:\/\/camisetasdeportiva.com\/en\/wp-json\/wp\/v2\/pages\/654\"><input type=\"hidden\" name=\"url_referer\" value=\"\"><button type=\"submit\" name=\"wpforms[submit]\" id=\"wpforms-submit-397\" class=\"wpforms-submit\" data-alt-text=\"Sending...\" data-submit-text=\"Enviar\" aria-live=\"assertive\" value=\"wpforms-submit\">Enviar<\/button><\/div><\/form><\/div>  <!-- .wpforms-container --><\/div><\/div><\/div>\n\n\n\n<div class=\"wp-block-stackable-column stk-block-column stk-column stk-block stk-b9c9c39\" data-v=\"4\" data-block-id=\"b9c9c39\"><style>.stk-b9c9c39-container{margin-top:0px !important;margin-right:0px !important;margin-bottom:0px !important;margin-left:0px !important;}@media screen and (min-width:690px){.stk-b9c9c39 {flex:var(--stk-flex-grow, 1) 1 calc(35% - var(--stk-column-gap, 0px) * 1 \/ 2 ) !important;}}<\/style><div class=\"stk-column-wrapper stk-block-column__content stk-container stk-b9c9c39-container stk--no-background stk--no-padding\"><div class=\"stk-block-content stk-inner-blocks stk-b9c9c39-inner-blocks\">\n<div class=\"wp-block-stackable-heading stk-block-heading stk-block-heading--v2 stk-block stk-cef93e8\" id=\"contacto-directo\" data-block-id=\"cef93e8\"><style>.stk-cef93e8 {margin-bottom:8px !important;}<\/style><h5 class=\"stk-block-heading__text\">Contacto Directo<\/h5><\/div>\n\n\n\n<div class=\"wp-block-stackable-text stk-block-text stk-block stk-ee6f2a1\" data-block-id=\"ee6f2a1\"><style>.stk-ee6f2a1 {margin-bottom:0px !important;}<\/style><p class=\"stk-block-text__text\">Si prefieres, puedes escribirnos directamente a nuestro correo. Respondemos a todas las consultas sobre tallas, modelos o sugerencias.<\/p><\/div>\n\n\n\n<p>\ud83d\udce7 <strong>contacto@camisetasdeportiva.com<\/strong><\/p>\n\n\n\n<p>Horario de atenci\u00f3n: Lunes a Viernes.<\/p>\n<\/div><\/div><\/div>\n<\/div><\/div>\n\n\n\n<div class=\"wp-block-stackable-spacer stk-block-spacer stk--no-padding stk-block stk-7a35edd\" data-block-id=\"7a35edd\"><style>.stk-7a35edd {height:100px !important;}@media screen and (max-width:999px){.stk-7a35edd {height:70px !important;}}@media screen and (max-width:689px){.stk-7a35edd {height:70px !important;}}<\/style><\/div>\n\n\n\n<div class=\"wp-block-stackable-columns stk-block-columns stk-block stk-aec5096\" data-block-id=\"aec5096\"><style>.stk-aec5096 {margin-bottom:0px !important;}.stk-aec5096-column{--stk-column-gap:35px !important;row-gap:25px !important;}<\/style><div class=\"stk-row stk-inner-blocks has-text-align-center-mobile stk-block-content stk-content-align stk-aec5096-column\">\n<div class=\"wp-block-stackable-column stk-block-column stk-column stk-block stk-33059ce\" data-v=\"4\" data-block-id=\"33059ce\"><style>.stk-33059ce-container{margin-top:0px !important;margin-right:0px !important;margin-bottom:0px !important;margin-left:0px !important;}<\/style><div class=\"stk-column-wrapper stk-block-column__content stk-container stk-33059ce-container stk--no-background stk--no-padding\"><div class=\"stk-block-content stk-inner-blocks stk-33059ce-inner-blocks\">\n<div class=\"wp-block-stackable-heading stk-block-heading stk-block-heading--v2 stk-block stk-c6f6f3a\" id=\"guias-rapidas-y-categorias-top\" data-block-id=\"c6f6f3a\"><style>@media screen and (max-width:689px){.stk-c6f6f3a .stk-block-heading__text{font-size:25px !important;}}<\/style><h2 class=\"stk-block-heading__text\">Gu\u00edas R\u00e1pidas y Categor\u00edas Top<\/h2><\/div>\n<\/div><\/div><\/div>\n\n\n\n<div class=\"wp-block-stackable-column stk-block-column stk-column stk-block stk-8a0b54b\" data-v=\"4\" data-block-id=\"8a0b54b\"><style>.stk-8a0b54b-container{margin-top:0px !important;margin-right:0px !important;margin-bottom:0px !important;margin-left:0px !important;}<\/style><div class=\"stk-column-wrapper stk-block-column__content stk-container stk-8a0b54b-container stk--no-background stk--no-padding\"><div class=\"stk-block-content stk-inner-blocks stk-8a0b54b-inner-blocks\">\n<div class=\"wp-block-stackable-button-group stk-block-button-group stk-block stk-f6a8022\" data-block-id=\"f6a8022\"><style>.stk-f6a8022 {margin-bottom:0px !important;}<\/style><div class=\"stk-row stk-inner-blocks has-text-align-right has-text-align-center-mobile stk-block-content stk-button-group\">\n<div class=\"wp-block-stackable-button stk-block-button is-style-ghost stk-block stk-8ae4935\" data-block-id=\"8ae4935\"><style>.stk-8ae4935 .stk-button{padding-top:12px !important;padding-right:40px !important;padding-bottom:12px !important;padding-left:40px !important;background:transparent !important;border-top-left-radius:50px !important;border-top-right-radius:50px !important;border-bottom-right-radius:50px !important;border-bottom-left-radius:50px !important;}:where(.stk-hover-parent:hover,  .stk-hover-parent.stk--is-hovered) .stk-8ae4935 .stk-button:after{background:transparent !important;opacity:1 !important;}.stk-8ae4935 .stk-button:before{border-style:solid !important;border-top-width:2px !important;border-right-width:2px !important;border-bottom-width:2px !important;border-left-width:2px !important;}.stk-8ae4935 .stk-button__inner-text{font-size:1.2em !important;color:var(--theme-palette-color-1, #779393) !important;}.stk-8ae4935 .stk-button:hover .stk-button__inner-text{color:var(--theme-palette-color-2, #4b7878) !important;}@media screen and (max-width:999px){.stk-8ae4935 .stk-button__inner-text{font-size:1.2em !important;}}<\/style><a class=\"stk-link stk-button stk--hover-effect-darken\" href=\"https:\/\/camisetasdeportiva.com\/class\/\"><span class=\"has-text-color has-palette-color-1-color stk-button__inner-text\">VER COMPLETO<\/span><\/a><\/div>\n<\/div><\/div>\n<\/div><\/div><\/div>\n<\/div><\/div>\n\n\n\n<div class=\"wp-block-stackable-spacer stk-block-spacer stk--no-padding stk-block stk-51781c9\" data-block-id=\"51781c9\"><style>.stk-51781c9 {height:50px !important;}<\/style><\/div>\n\n\n<div class=\"ct-posts-shortcode\" data-prefix=\"class_archive\"><div class=\"entries\" data-archive=\"default\" data-layout=\"grid\" data-cards=\"simple\"><article class=\"entry-card card-content post-1416 class type-class status-publish has-post-thumbnail hentry tag-camisetas-tirantes-deporte tag-ropa-sin-mangas-entrenamiento tag-tops-deportivos-verano\" data-reveal=\"bottom:no\"><a class=\"ct-media-container\" href=\"https:\/\/camisetasdeportiva.com\/en\/class\/camisetas-deportivas-sin-mangas\/\" aria-label=\"Camisetas Deportivas Sin Mangas 2026: Gu\u00eda de Compra y Top 7 Modelos\"><img decoding=\"async\" width=\"750\" height=\"405\" src=\"https:\/\/camisetasdeportiva.com\/wp-content\/uploads\/2025\/12\/Camiseta-Sin-Mangas.png\" class=\"attachment-medium_large size-medium_large wp-post-image\" alt=\"Atleta entrenando al aire libre con camiseta deportiva negra sin mangas para m\u00e1xima libertad de movimiento.\" loading=\"lazy\" srcset=\"https:\/\/camisetasdeportiva.com\/wp-content\/uploads\/2025\/12\/Camiseta-Sin-Mangas.png 750w, https:\/\/camisetasdeportiva.com\/wp-content\/uploads\/2025\/12\/Camiseta-Sin-Mangas-300x162.png 300w\" sizes=\"auto, (max-width: 750px) 100vw, 750px\" itemprop=\"image\" style=\"aspect-ratio: 4\/3;\" \/><\/a><h2 class=\"entry-title\"><a href=\"https:\/\/camisetasdeportiva.com\/en\/class\/camisetas-deportivas-sin-mangas\/\" rel=\"bookmark\">Camisetas Deportivas Sin Mangas 2026: Gu\u00eda de Compra y Top 7 Modelos<\/a><\/h2><div class=\"entry-excerpt\"><p>Seamos honestos: no hay nada peor que sentir una manga\u2026<\/p>\n<\/div><a class=\"entry-button\" href=\"https:\/\/camisetasdeportiva.com\/en\/class\/camisetas-deportivas-sin-mangas\/\">Read More<svg width=\"17px\" height=\"17px\" viewBox=\"0 0 32 32\" fill=\"currentColor\"><path d=\"M 21.1875 9.28125 L 19.78125 10.71875 L 24.0625 15 L 4 15 L 4 17 L 24.0625 17 L 19.78125 21.28125 L 21.1875 22.71875 L 27.90625 16 Z \"><\/path><\/svg><span class=\"screen-reader-text\">Camisetas Deportivas Sin Mangas 2026: Gu\u00eda de Compra y Top 7 Modelos<\/span><\/a><\/article><article class=\"entry-card card-content post-1415 class type-class status-publish has-post-thumbnail hentry tag-camisetas-compresion-recuperacion tag-prendas-mejorar-circulacion tag-ropa-deportiva-ajustada\" data-reveal=\"bottom:no\"><a class=\"ct-media-container\" href=\"https:\/\/camisetasdeportiva.com\/en\/class\/ropa-de-compresion\/\" aria-label=\"Ropa de Compresi\u00f3n Deportiva 2026: Las 7 Mejores Marcas y Gu\u00eda Completa\"><img decoding=\"async\" width=\"750\" height=\"405\" src=\"https:\/\/camisetasdeportiva.com\/wp-content\/uploads\/2025\/12\/Camiseta-Ropa-de-Compresion.png\" class=\"attachment-medium_large size-medium_large wp-post-image\" alt=\"Ropa de Compresi\u00f3n Deportiva 2026: Las 7 Mejores Marcas y Gu\u00eda Completa\" loading=\"lazy\" srcset=\"https:\/\/camisetasdeportiva.com\/wp-content\/uploads\/2025\/12\/Camiseta-Ropa-de-Compresion.png 750w, https:\/\/camisetasdeportiva.com\/wp-content\/uploads\/2025\/12\/Camiseta-Ropa-de-Compresion-300x162.png 300w\" sizes=\"auto, (max-width: 750px) 100vw, 750px\" itemprop=\"image\" style=\"aspect-ratio: 4\/3;\" \/><\/a><h2 class=\"entry-title\"><a href=\"https:\/\/camisetasdeportiva.com\/en\/class\/ropa-de-compresion\/\" rel=\"bookmark\">Ropa de Compresi\u00f3n Deportiva 2026: Las 7 Mejores Marcas y Gu\u00eda Completa<\/a><\/h2><div class=\"entry-excerpt\"><p>La ropa de compresi\u00f3n deportiva ha revolucionado la forma en\u2026<\/p>\n<\/div><a class=\"entry-button\" href=\"https:\/\/camisetasdeportiva.com\/en\/class\/ropa-de-compresion\/\">Read More<svg width=\"17px\" height=\"17px\" viewBox=\"0 0 32 32\" fill=\"currentColor\"><path d=\"M 21.1875 9.28125 L 19.78125 10.71875 L 24.0625 15 L 4 15 L 4 17 L 24.0625 17 L 19.78125 21.28125 L 21.1875 22.71875 L 27.90625 16 Z \"><\/path><\/svg><span class=\"screen-reader-text\">Ropa de Compresi\u00f3n Deportiva 2026: Las 7 Mejores Marcas y Gu\u00eda Completa<\/span><\/a><\/article><article class=\"entry-card card-content post-175 class type-class status-publish has-post-thumbnail hentry tag-camisetas-entrenamiento-funcional tag-equipacion-alta-intensidad-wod tag-ropa-crossfit-resistente\" data-reveal=\"bottom:no\"><a class=\"ct-media-container\" href=\"https:\/\/camisetasdeportiva.com\/en\/class\/crossfit-y-funcional\/\" aria-label=\"Las Mejores Camisetas para CrossFit y Funcional 2026: Gu\u00eda de Compra Indestructible\"><img decoding=\"async\" width=\"750\" height=\"405\" src=\"https:\/\/camisetasdeportiva.com\/wp-content\/uploads\/2025\/12\/Camiseta-Crossfit-y-Funcional.png\" class=\"attachment-medium_large size-medium_large wp-post-image\" alt=\"Las Mejores Camisetas para CrossFit y Funcional 2026: Gu\u00eda de Compra Indestructible\" loading=\"lazy\" srcset=\"https:\/\/camisetasdeportiva.com\/wp-content\/uploads\/2025\/12\/Camiseta-Crossfit-y-Funcional.png 750w, https:\/\/camisetasdeportiva.com\/wp-content\/uploads\/2025\/12\/Camiseta-Crossfit-y-Funcional-300x162.png 300w\" sizes=\"auto, (max-width: 750px) 100vw, 750px\" itemprop=\"image\" style=\"aspect-ratio: 4\/3;\" \/><\/a><h2 class=\"entry-title\"><a href=\"https:\/\/camisetasdeportiva.com\/en\/class\/crossfit-y-funcional\/\" rel=\"bookmark\">Las Mejores Camisetas para CrossFit y Funcional 2026: Gu\u00eda de Compra Indestructible<\/a><\/h2><div class=\"entry-excerpt\"><p>Si hay algo que odio m\u00e1s que un No Rep\u2026<\/p>\n<\/div><a class=\"entry-button\" href=\"https:\/\/camisetasdeportiva.com\/en\/class\/crossfit-y-funcional\/\">Read More<svg width=\"17px\" height=\"17px\" viewBox=\"0 0 32 32\" fill=\"currentColor\"><path d=\"M 21.1875 9.28125 L 19.78125 10.71875 L 24.0625 15 L 4 15 L 4 17 L 24.0625 17 L 19.78125 21.28125 L 21.1875 22.71875 L 27.90625 16 Z \"><\/path><\/svg><span class=\"screen-reader-text\">Las Mejores Camisetas para CrossFit y Funcional 2026: Gu\u00eda de Compra Indestructible<\/span><\/a><\/article><\/div><\/div>\n\n\n\n<div class=\"wp-block-stackable-spacer stk-block-spacer stk--no-padding stk-block stk-2b32a23\" data-block-id=\"2b32a23\"><style>.stk-2b32a23 {height:50px !important;}<\/style><\/div>\n","protected":false},"excerpt":{"rendered":"<p>\u00bfTienes alguna duda? Rellena este formulario y te responderemos en 24-48 horas. Contacto Directo Si prefieres, puedes escribirnos directamente a nuestro correo. Respondemos a todas las consultas sobre tallas, modelos o sugerencias. \ud83d\udce7 contacto@camisetasdeportiva.com Horario de atenci\u00f3n: Lunes a Viernes. Gu\u00edas R\u00e1pidas y Categor\u00edas Top VER COMPLETO<\/p>","protected":false},"author":1,"featured_media":0,"parent":0,"menu_order":0,"comment_status":"closed","ping_status":"closed","template":"","meta":{"footnotes":""},"class_list":["post-654","page","type-page","status-publish","hentry"],"blocksy_meta":{"styles_descriptor":{"styles":{"desktop":"","tablet":"","mobile":""},"google_fonts":[],"version":6},"page_title_panel":"","has_hero_section":"default","db567741911212a6487ad77c7235ff4e":"","hero_section":"type-1","hero_elements":[{"id":"custom_title","enabled":true,"heading_tag":"h1","title":"Home"},{"id":"custom_description","enabled":true,"description_visibility":{"desktop":true,"tablet":true,"mobile":false}},{"id":"custom_meta","enabled":false,"meta_elements":[{"id":"author","enabled":true,"label":"By","has_author_avatar":"yes","avatar_size":25},{"id":"post_date","enabled":true,"label":"On","date_format_source":"default","date_format":"M j, Y"},{"id":"updated_date","enabled":false,"label":"On","date_format_source":"default","date_format":"M j, Y"},{"id":"categories","enabled":false,"label":"In","style":"simple"},{"id":"comments","enabled":true}],"page_meta_elements":{"joined":true,"articles_count":true,"comments":true}},{"id":"breadcrumbs","enabled":false}],"46a7bfb2347eb4634d2d85ba2c89301f":"","hero_alignment1":"CT_CSS_SKIP_RULE","hero_margin":40,"hero_alignment2":"center","hero_vertical_alignment":"center","04357bfccb4668ce5a987e34dc06edc4":"","hero_structure":"narrow","4992c1e4e4c6446d5f43691493dd6e4b":"","page_title_bg_type":"featured_image","custom_hero_background":{"attachment_id":null},"parallax":{"desktop":false,"tablet":false,"mobile":false},"86b7ee5a2649ba534360b742cb20231a":"","hero_height":"250px","pageTitleFont":{"family":"Default","variation":"Default","size":"30px","line-height":"CT_CSS_SKIP_RULE","letter-spacing":"CT_CSS_SKIP_RULE","text-transform":"CT_CSS_SKIP_RULE","text-decoration":"CT_CSS_SKIP_RULE"},"pageTitleFontColor":{"default":{"color":"CT_CSS_SKIP_RULEDEFAULT"}},"pageMetaFont":{"family":"Default","variation":"n6","size":"12px","line-height":"1.3","letter-spacing":"CT_CSS_SKIP_RULE","text-transform":"uppercase","text-decoration":"CT_CSS_SKIP_RULE"},"pageMetaFontColor":{"default":{"color":"CT_CSS_SKIP_RULEDEFAULT"},"hover":{"color":"CT_CSS_SKIP_RULEDEFAULT"}},"page_meta_button_type_font_colors":{"default":{"color":"CT_CSS_SKIP_RULEDEFAULT"},"hover":{"color":"CT_CSS_SKIP_RULEDEFAULT"}},"page_meta_button_type_background_colors":{"default":{"color":"CT_CSS_SKIP_RULEDEFAULT"},"hover":{"color":"CT_CSS_SKIP_RULEDEFAULT"}},"pageExcerptFont":{"family":"Default","variation":"Default","size":"CT_CSS_SKIP_RULE","line-height":"CT_CSS_SKIP_RULE","letter-spacing":"CT_CSS_SKIP_RULE","text-transform":"CT_CSS_SKIP_RULE","text-decoration":"CT_CSS_SKIP_RULE"},"pageExcerptColor":{"default":{"color":"CT_CSS_SKIP_RULEDEFAULT"}},"breadcrumbsFont":{"family":"Default","variation":"Default","size":"CT_CSS_SKIP_RULE","line-height":"CT_CSS_SKIP_RULE","letter-spacing":"CT_CSS_SKIP_RULE","text-transform":"CT_CSS_SKIP_RULE","text-decoration":"CT_CSS_SKIP_RULE"},"breadcrumbsFontColor":{"default":{"color":"CT_CSS_SKIP_RULEDEFAULT"},"initial":{"color":"CT_CSS_SKIP_RULEDEFAULT"},"hover":{"color":"CT_CSS_SKIP_RULEDEFAULT"}},"pageTitleOverlay":{"background_type":"color","background_pattern":"type-1","background_image":{"attachment_id":null,"x":0,"y":0},"gradient":"linear-gradient(135deg,rgba(6,147,227,1) 0%,rgb(155,81,224) 100%)","background_repeat":"repeat","background_size":"auto","background_attachment":"scroll","patternColor":{"default":{"color":"#e5e7ea"}},"overlayColor":{"default":{"color":"CT_CSS_SKIP_RULE"}},"backgroundColor":{"default":{"color":"CT_CSS_SKIP_RULE"}}},"pageTitleBackground":{"background_type":"color","background_pattern":"type-1","background_image":{"attachment_id":null,"x":0,"y":0},"gradient":"linear-gradient(135deg,rgba(6,147,227,1) 0%,rgb(155,81,224) 100%)","background_repeat":"repeat","background_size":"auto","background_attachment":"scroll","patternColor":{"default":{"color":"#e5e7ea"}},"overlayColor":{"default":{"color":"CT_CSS_SKIP_RULE"}},"backgroundColor":{"default":{"color":"var(--theme-palette-color-6)"}}},"pageTitlePadding":{"top":"50px","bottom":"50px","left":"auto","right":"auto","linked":true},"ec35447805dc43b925eef837508073fa":"","page_structure_type":"default","8e721d55ef1c936694f832c201ce78cb":"","content_style_source":"inherit","content_style":"wide","vertical_spacing_source":"custom","content_area_spacing":"none","background":{"background_type":"color","background_pattern":"type-1","background_image":{"attachment_id":null,"x":0,"y":0},"gradient":"linear-gradient(135deg,rgba(6,147,227,1) 0%,rgb(155,81,224) 100%)","background_repeat":"repeat","background_size":"auto","background_attachment":"scroll","patternColor":{"default":{"color":"#e5e7ea"}},"overlayColor":{"default":{"color":"CT_CSS_SKIP_RULE"}},"backgroundColor":{"default":{"color":"CT_CSS_SKIP_RULE"}}},"content_background":{"background_type":"color","background_pattern":"type-1","background_image":{"attachment_id":null,"x":0,"y":0},"gradient":"linear-gradient(135deg,rgba(6,147,227,1) 0%,rgb(155,81,224) 100%)","background_repeat":"repeat","background_size":"auto","background_attachment":"scroll","patternColor":{"default":{"color":"#e5e7ea"}},"overlayColor":{"default":{"color":"CT_CSS_SKIP_RULE"}},"backgroundColor":{"default":{"color":"var(--theme-palette-color-8)"}}},"content_boxed_shadow":{"inherit":false,"blur":18,"spread":-6,"v_offset":12,"h_offset":0,"inset":false,"enable":true,"color":{"color":"rgba(34, 56, 101, 0.04)"}},"boxed_content_spacing":{"desktop":{"top":"40px","bottom":"40px","left":"40px","right":"40px","linked":true},"tablet":{"top":"35px","bottom":"35px","left":"35px","right":"35px","linked":true},"mobile":{"top":"20px","bottom":"20px","left":"20px","right":"20px","linked":true}},"content_boxed_radius":{"top":"3px","bottom":"3px","left":"3px","right":"3px","linked":true},"1842a503b3240f204f30e3a0cf58ed01":"","disable_featured_image":"no","disable_share_box":"no","disable_header":"no","disable_footer":"no"},"_hostinger_reach_plugin_has_subscription_block":false,"_hostinger_reach_plugin_is_elementor":false,"_links":{"self":[{"href":"https:\/\/camisetasdeportiva.com\/en\/wp-json\/wp\/v2\/pages\/654","targetHints":{"allow":["GET"]}}],"collection":[{"href":"https:\/\/camisetasdeportiva.com\/en\/wp-json\/wp\/v2\/pages"}],"about":[{"href":"https:\/\/camisetasdeportiva.com\/en\/wp-json\/wp\/v2\/types\/page"}],"author":[{"embeddable":true,"href":"https:\/\/camisetasdeportiva.com\/en\/wp-json\/wp\/v2\/users\/1"}],"replies":[{"embeddable":true,"href":"https:\/\/camisetasdeportiva.com\/en\/wp-json\/wp\/v2\/comments?post=654"}],"version-history":[{"count":0,"href":"https:\/\/camisetasdeportiva.com\/en\/wp-json\/wp\/v2\/pages\/654\/revisions"}],"wp:attachment":[{"href":"https:\/\/camisetasdeportiva.com\/en\/wp-json\/wp\/v2\/media?parent=654"}],"curies":[{"name":"wp","href":"https:\/\/api.w.org\/{rel}","templated":true}]}}